{"id":3722,"date":"2022-02-21T01:46:06","date_gmt":"2022-02-21T01:46:06","guid":{"rendered":"https:\/\/bylaws.crto.on.ca\/?page_id=3722"},"modified":"2024-05-29T17:43:51","modified_gmt":"2024-05-29T17:43:51","slug":"definitions-3","status":"publish","type":"page","link":"https:\/\/bylaws.crto.on.ca\/fr\/definitions-3\/","title":{"rendered":"Definitions-3"},"content":{"rendered":"<p>[et_pb_section fb_built=\u00a0\u00bb1&Prime; _builder_version=\u00a0\u00bb4.16&Prime; background_image=\u00a0\u00bbhttps:\/\/bylaws.crto.on.ca\/wp-content\/uploads\/sites\/20\/2021\/03\/crto-bluepattern.jpg\u00a0\u00bb parallax=\u00a0\u00bbon\u00a0\u00bb parallax_method=\u00a0\u00bboff\u00a0\u00bb global_colors_info=\u00a0\u00bb{}\u00a0\u00bb][et_pb_row _builder_version=\u00a0\u00bb4.16&Prime; background_size=\u00a0\u00bbinitial\u00a0\u00bb background_position=\u00a0\u00bbtop_left\u00a0\u00bb background_repeat=\u00a0\u00bbrepeat\u00a0\u00bb global_colors_info=\u00a0\u00bb{}\u00a0\u00bb][et_pb_column type=\u00a0\u00bb4_4&Prime; _builder_version=\u00a0\u00bb4.16&Prime; custom_padding=\u00a0\u00bb|||\u00a0\u00bb global_colors_info=\u00a0\u00bb{}\u00a0\u00bb custom_padding__hover=\u00a0\u00bb|||\u00a0\u00bb][et_pb_text admin_label=\u00a0\u00bbABOUT THE STANDARDS\u00a0\u00bb _builder_version=\u00a0\u00bb4.24.2&Prime; module_alignment=\u00a0\u00bbleft\u00a0\u00bb hover_enabled=\u00a0\u00bb0&Prime; global_colors_info=\u00a0\u00bb{}\u00a0\u00bb sticky_enabled=\u00a0\u00bb0&Prime;]<\/p>\n<h1><strong>R\u00c8GLEMENT ADMINISTRATIF 3 :<br \/>ADH\u00c9SION<br \/><\/strong><\/h1>\n<h4><span style=\"color: #000000;\"><\/span><\/h4>\n<h4><span style=\"color: #000000;\">Approuv\u00e9 par le Conseil : Le 1 mars 2024<\/span><\/h4>\n<h1><\/h1>\n<h1><strong><\/strong><\/h1>\n<h1><strong><\/strong><\/h1>\n<h1><strong><\/strong><\/h1>\n<h1><strong>1. D\u00c9FINITIONS<\/strong><\/h1>\n<p>[\/et_pb_text][\/et_pb_column][\/et_pb_row][\/et_pb_section][et_pb_section fb_built=\u00a0\u00bb1&Prime; custom_padding_last_edited=\u00a0\u00bbon|desktop\u00a0\u00bb _builder_version=\u00a0\u00bb4.16&Prime; background_image=\u00a0\u00bbhttps:\/\/bylaws.crto.on.ca\/wp-content\/uploads\/sites\/20\/2021\/03\/crto-patternblue-tall.jpg\u00a0\u00bb background_position=\u00a0\u00bbbottom_center\u00a0\u00bb module_alignment=\u00a0\u00bbcenter\u00a0\u00bb custom_padding=\u00a0\u00bb70px||70px||true|false\u00a0\u00bb custom_padding_tablet=\u00a0\u00bb\u00a0\u00bb custom_padding_phone=\u00a0\u00bb\u00a0\u00bb border_width_top=\u00a0\u00bb3px\u00a0\u00bb border_color_top=\u00a0\u00bb#239CD5&Prime; global_colors_info=\u00a0\u00bb{}\u00a0\u00bb][et_pb_row admin_label=\u00a0\u00bbAct\u00a0\u00bb _builder_version=\u00a0\u00bb4.16&Prime; collapsed=\u00a0\u00bboff\u00a0\u00bb global_colors_info=\u00a0\u00bb{}\u00a0\u00bb][et_pb_column type=\u00a0\u00bb4_4&Prime; _builder_version=\u00a0\u00bb4.16&Prime; custom_padding=\u00a0\u00bb|||\u00a0\u00bb global_colors_info=\u00a0\u00bb{}\u00a0\u00bb custom_padding__hover=\u00a0\u00bb|||\u00a0\u00bb][et_pb_text admin_label=\u00a0\u00bbPerformance Expectations\u00a0\u00bb _builder_version=\u00a0\u00bb4.20.0&Prime; custom_padding=\u00a0\u00bb0px|||\u00a0\u00bb global_colors_info=\u00a0\u00bb{}\u00a0\u00bb]<\/p>\n<table style=\"width: 80%; border-style: hidden; height: 335px;\" cellspacing=\"10px\">\n<tbody>\n<tr style=\"height: 23px;\">\n<td style=\"width: 2.52101%; vertical-align: top; height: 23px;\"><strong>1.01 <\/strong><\/td>\n<td style=\"width: 93.7442%; vertical-align: top; height: 23px;\" colspan=\"2\">Dans le pr\u00e9sent r\u00e8glement administratif, ainsi que dans tout autre r\u00e8glement administratif de l\u2019OTRO, \u00e0 moins d\u2019une d\u00e9finition diff\u00e9rente ou qu\u2019un contexte pr\u00e9cis le commande, les mots et les expressions figurant ci-dessous ont le sens indiqu\u00e9.<\/td>\n<\/tr>\n<tr style=\"height: 23px;\">\n<td style=\"width: 2.52101%; vertical-align: top; height: 23px;\"><\/td>\n<td style=\"vertical-align: top; height: 23px; width: 14.0056%;\"><strong><em>Code<\/em><\/strong><\/td>\n<td style=\"vertical-align: top; height: 23px; width: 79.7386%;\">Le <i>Code des professions de la sant\u00e9<\/i>, soit l\u2019annexe\u00a02 de la <i>Loi sur les professions de la sant\u00e9 r\u00e9glement\u00e9es<\/i><\/td>\n<\/tr>\n<tr style=\"height: 23px;\">\n<td style=\"width: 2.52101%; vertical-align: top; height: 23px;\"><\/td>\n<td style=\"vertical-align: top; height: 23px; width: 14.0056%;\"><strong>Frais<\/strong><\/td>\n<td style=\"vertical-align: top; height: 23px; width: 79.7386%;\">Frais qu\u2019un membre ou un candidat doit verser \u00e0 l\u2019OTRO<\/td>\n<\/tr>\n<tr style=\"height: 23px;\">\n<td style=\"width: 2.52101%; vertical-align: top; height: 23px;\"><\/td>\n<td style=\"vertical-align: top; height: 23px; width: 14.0056%;\"><strong><em>Loi<\/em> <\/strong><\/td>\n<td style=\"vertical-align: top; height: 23px; width: 79.7386%;\">La<\/span><i> Loi de 1991 sur les th\u00e9rapeutes respiratoires <\/span><\/i><span style=\"font-weight: 400;\">telle que modifi\u00e9e de temps \u00e0 autre, et les r\u00e8glements qui en sont tir\u00e9s<\/td>\n<\/tr>\n<tr style=\"height: 23px;\">\n<td style=\"width: 2.52101%; vertical-align: top; height: 23px;\"><\/td>\n<td style=\"vertical-align: top; height: 23px; width: 14.0056%;\"><strong><em>LPSR<\/em> <\/strong><\/td>\n<td style=\"vertical-align: top; height: 23px; width: 79.7386%;\"><i>Loi de 1991 sur les soins de sant\u00e9 r\u00e9glement\u00e9s<\/i>, modifi\u00e9e de temps en temps; comprend le <i>Code<\/i><\/td>\n<\/tr>\n<tr style=\"height: 23px;\">\n<td style=\"width: 2.52101%; vertical-align: top; height: 23px;\"><\/td>\n<td style=\"vertical-align: top; height: 23px; width: 14.0056%;\"><strong>OTRO<\/strong><\/td>\n<td style=\"vertical-align: top; height: 23px; width: 79.7386%;\">Acronyme de l\u2019Ordre des th\u00e9rapeutes respiratoires de l\u2019Ontario<\/td>\n<\/tr>\n<tr style=\"height: 23px;\">\n<td style=\"width: 2.52101%; vertical-align: top; height: 23px;\"><\/td>\n<td style=\"vertical-align: top; height: 23px; width: 14.0056%;\"><strong>Membre <\/strong><\/td>\n<td style=\"vertical-align: top; height: 23px; width: 79.7386%;\">\u00c0 moins d\u2019une autre d\u00e9finition ou que le contexte ne l\u2019indique autrement, personne qui d\u00e9tient un certificat d\u2019inscription aupr\u00e8s de l\u2019OTRO<\/td>\n<\/tr>\n<tr style=\"height: 47px;\">\n<td style=\"width: 2.52101%; vertical-align: top; height: 20px;\"><\/td>\n<td style=\"vertical-align: top; height: 20px; width: 14.0056%;\"><strong>Politiques et proc\u00e9dures<\/strong><\/td>\n<td style=\"vertical-align: top; height: 20px; width: 79.7386%;\">Ligne de conduite ou processus consign\u00e9 que l\u2019OTRO a \u00e9labor\u00e9 en r\u00e9ponse \u00e0 des enjeux r\u00e9currents <\/td>\n<\/tr>\n<tr style=\"height: 47px;\">\n<td style=\"width: 2.52101%; vertical-align: top; height: 22px;\"><\/td>\n<td style=\"vertical-align: top; height: 22px; width: 14.0056%;\"><strong>Proc\u00e9dure <\/strong><\/td>\n<td style=\"vertical-align: top; height: 22px; width: 79.7386%;\">Toute action ou tout processus li\u00e9 \u00e0 une enqu\u00eate, une audience ou une restriction (p.\u00a0ex. modalit\u00e9s et restrictions, suspension d\u2019un certificat d\u2019inscription)<\/td>\n<\/tr>\n<tr style=\"height: 23px;\">\n<td style=\"width: 2.52101%; vertical-align: top; height: 23px;\"><\/td>\n<td style=\"vertical-align: top; height: 23px; width: 14.0056%;\"><strong>Profession<br \/>\n<\/strong><\/td>\n<td style=\"vertical-align: top; height: 23px; width: 79.7386%;\">Soins ou th\u00e9rapie respiratoire<\/td>\n<\/tr>\n<tr style=\"height: 47px;\">\n<td style=\"width: 2.52101%; vertical-align: top; height: 47px;\"><\/td>\n<td style=\"vertical-align: top; height: 47px; width: 14.0056%;\"><strong>Registraire <\/strong><\/td>\n<td style=\"vertical-align: top; height: 47px; width: 79.7386%;\">Personne embauch\u00e9e par le Conseil pour remplir le r\u00f4le de chef de la direction de l\u2019OTRO, tel qu\u2019il est exig\u00e9 par le<i>Code<\/i> et d\u00e9crit dans le r\u00e8glement administratif\u00a01\u00a0: Administration g\u00e9n\u00e9rale de l\u2019OTRO, article 4, d\u00e9signe une personne nomm\u00e9e par le Conseil \u00e0 titre de registraire int\u00e9rimaire lorsque le poste de registraire est vacant ou pendant l\u2019invalidit\u00e9 ou l\u2019absence prolong\u00e9e du registraire<\/td>\n<\/tr>\n<tr style=\"height: 47px;\">\n<td style=\"width: 2.52101%; vertical-align: top; height: 18px;\"><\/td>\n<td style=\"vertical-align: top; height: 18px; width: 14.0056%;\"><strong>Sous-comit\u00e9<br \/>\n<\/strong><\/td>\n<td style=\"vertical-align: top; height: 18px; width: 79.7386%;\">Sous-groupe d\u2019un comit\u00e9 de l\u2019OTRO<\/td>\n<\/tr>\n<tr style=\"height: 47px;\">\n<td style=\"width: 2.52101%; vertical-align: top; height: 21px;\"><\/td>\n<td style=\"vertical-align: top; height: 21px; width: 14.0056%;\"><strong>Th\u00e9rapeute respiratoire<\/strong><\/td>\n<td style=\"vertical-align: top; height: 21px; width: 79.7386%;\">Membre de l\u2019OTRO<\/td>\n<\/tr>\n<tr style=\"height: 23px;\">\n<td style=\"width: 2.52101%; vertical-align: top; height: 23px;\"><\/td>\n<td style=\"vertical-align: top; height: 23px; width: 14.0056%;\"><strong>Th\u00e9rapie respiratoire<\/strong><\/td>\n<td style=\"vertical-align: top; height: 23px; width: 79.7386%;\">Conform\u00e9ment \u00e0 la d\u00e9finition de la <i>Loi<\/i>, acte de fournir de l\u2019oxyg\u00e9noth\u00e9rapie, de contr\u00f4ler l\u2019\u00e9quipement cardiorespiratoire et d\u2019\u00e9valuer et traiter les troubles cardiorespiratoires et les troubles associ\u00e9s afin de maintenir et de restaurer la ventilation, ce qui comprend des soins respiratoires<\/td>\n<\/tr>\n<\/tbody>\n<\/table>\n<p>[\/et_pb_text][\/et_pb_column][\/et_pb_row][\/et_pb_section][et_pb_section fb_built=\u00a0\u00bb1&Prime; inner_shadow=\u00a0\u00bbon\u00a0\u00bb module_id=\u00a0\u00bbfootnote\u00a0\u00bb _builder_version=\u00a0\u00bb4.16&Prime; use_background_color_gradient=\u00a0\u00bbon\u00a0\u00bb background_color_gradient_type=\u00a0\u00bbcircular\u00a0\u00bb background_color_gradient_stops=\u00a0\u00bb#ffffff 53%|#ededed 100%\u00a0\u00bb background_color_gradient_start=\u00a0\u00bb#ffffff\u00a0\u00bb background_color_gradient_start_position=\u00a0\u00bb53%\u00a0\u00bb background_color_gradient_end=\u00a0\u00bb#ededed\u00a0\u00bb custom_padding=\u00a0\u00bb20px||20px|\u00a0\u00bb global_colors_info=\u00a0\u00bb{}\u00a0\u00bb][et_pb_row column_structure=\u00a0\u00bb1_2,1_4,1_4&Prime; _builder_version=\u00a0\u00bb4.16&Prime; global_colors_info=\u00a0\u00bb{}\u00a0\u00bb][et_pb_column type=\u00a0\u00bb1_2&Prime; _builder_version=\u00a0\u00bb4.16&Prime; custom_padding=\u00a0\u00bb|||\u00a0\u00bb global_colors_info=\u00a0\u00bb{}\u00a0\u00bb custom_padding__hover=\u00a0\u00bb|||\u00a0\u00bb][\/et_pb_column][et_pb_column type=\u00a0\u00bb1_4&Prime; _builder_version=\u00a0\u00bb4.16&Prime; custom_padding=\u00a0\u00bb|||\u00a0\u00bb global_colors_info=\u00a0\u00bb{}\u00a0\u00bb custom_padding__hover=\u00a0\u00bb|||\u00a0\u00bb][et_pb_button button_url=\u00a0\u00bb\/fr\/schedule-b\/\u00a0\u00bb button_text=\u00a0\u00bbpr\u00e9c\u00e9dent\u00a0\u00bb button_alignment=\u00a0\u00bbleft\u00a0\u00bb admin_label=\u00a0\u00bbPrevious\u00a0\u00bb _builder_version=\u00a0\u00bb4.16&Prime; animation_style=\u00a0\u00bbfade\u00a0\u00bb global_colors_info=\u00a0\u00bb{}\u00a0\u00bb button_text_size__hover_enabled=\u00a0\u00bboff\u00a0\u00bb button_one_text_size__hover_enabled=\u00a0\u00bboff\u00a0\u00bb button_two_text_size__hover_enabled=\u00a0\u00bboff\u00a0\u00bb button_text_color__hover_enabled=\u00a0\u00bboff\u00a0\u00bb button_one_text_color__hover_enabled=\u00a0\u00bboff\u00a0\u00bb button_two_text_color__hover_enabled=\u00a0\u00bboff\u00a0\u00bb button_border_width__hover_enabled=\u00a0\u00bboff\u00a0\u00bb button_one_border_width__hover_enabled=\u00a0\u00bboff\u00a0\u00bb button_two_border_width__hover_enabled=\u00a0\u00bboff\u00a0\u00bb button_border_color__hover_enabled=\u00a0\u00bboff\u00a0\u00bb button_one_border_color__hover_enabled=\u00a0\u00bboff\u00a0\u00bb button_two_border_color__hover_enabled=\u00a0\u00bboff\u00a0\u00bb button_border_radius__hover_enabled=\u00a0\u00bboff\u00a0\u00bb button_one_border_radius__hover_enabled=\u00a0\u00bboff\u00a0\u00bb button_two_border_radius__hover_enabled=\u00a0\u00bboff\u00a0\u00bb button_letter_spacing__hover_enabled=\u00a0\u00bboff\u00a0\u00bb button_one_letter_spacing__hover_enabled=\u00a0\u00bboff\u00a0\u00bb button_two_letter_spacing__hover_enabled=\u00a0\u00bboff\u00a0\u00bb button_bg_color__hover_enabled=\u00a0\u00bboff\u00a0\u00bb button_one_bg_color__hover_enabled=\u00a0\u00bboff\u00a0\u00bb button_two_bg_color__hover_enabled=\u00a0\u00bboff\u00a0\u00bb][\/et_pb_button][\/et_pb_column][et_pb_column type=\u00a0\u00bb1_4&Prime; _builder_version=\u00a0\u00bb4.16&Prime; custom_padding=\u00a0\u00bb|||\u00a0\u00bb global_colors_info=\u00a0\u00bb{}\u00a0\u00bb custom_padding__hover=\u00a0\u00bb|||\u00a0\u00bb][et_pb_button button_url=\u00a0\u00bb\/fr\/membership\/\u00a0\u00bb button_text=\u00a0\u00bbsuivant\u00a0\u00bb button_alignment=\u00a0\u00bbleft\u00a0\u00bb admin_label=\u00a0\u00bbNext\u00a0\u00bb _builder_version=\u00a0\u00bb4.16&Prime; animation_style=\u00a0\u00bbfade\u00a0\u00bb global_colors_info=\u00a0\u00bb{}\u00a0\u00bb button_text_size__hover_enabled=\u00a0\u00bboff\u00a0\u00bb button_one_text_size__hover_enabled=\u00a0\u00bboff\u00a0\u00bb button_two_text_size__hover_enabled=\u00a0\u00bboff\u00a0\u00bb button_text_color__hover_enabled=\u00a0\u00bboff\u00a0\u00bb button_one_text_color__hover_enabled=\u00a0\u00bboff\u00a0\u00bb button_two_text_color__hover_enabled=\u00a0\u00bboff\u00a0\u00bb button_border_width__hover_enabled=\u00a0\u00bboff\u00a0\u00bb button_one_border_width__hover_enabled=\u00a0\u00bboff\u00a0\u00bb button_two_border_width__hover_enabled=\u00a0\u00bboff\u00a0\u00bb button_border_color__hover_enabled=\u00a0\u00bboff\u00a0\u00bb button_one_border_color__hover_enabled=\u00a0\u00bboff\u00a0\u00bb button_two_border_color__hover_enabled=\u00a0\u00bboff\u00a0\u00bb button_border_radius__hover_enabled=\u00a0\u00bboff\u00a0\u00bb button_one_border_radius__hover_enabled=\u00a0\u00bboff\u00a0\u00bb button_two_border_radius__hover_enabled=\u00a0\u00bboff\u00a0\u00bb button_letter_spacing__hover_enabled=\u00a0\u00bboff\u00a0\u00bb button_one_letter_spacing__hover_enabled=\u00a0\u00bboff\u00a0\u00bb button_two_letter_spacing__hover_enabled=\u00a0\u00bboff\u00a0\u00bb button_bg_color__hover_enabled=\u00a0\u00bboff\u00a0\u00bb button_one_bg_color__hover_enabled=\u00a0\u00bboff\u00a0\u00bb button_two_bg_color__hover_enabled=\u00a0\u00bboff\u00a0\u00bb][\/et_pb_button][\/et_pb_column][\/et_pb_row][\/et_pb_section]<\/p>\n","protected":false},"excerpt":{"rendered":"<p>R\u00c8GLEMENT ADMINISTRATIF 3 :ADH\u00c9SION Approuv\u00e9 par le Conseil : Le 1 mars 2024 1. D\u00c9FINITIONS 1.01 Dans le pr\u00e9sent r\u00e8glement administratif, ainsi que dans tout autre r\u00e8glement administratif de l\u2019OTRO, \u00e0 moins d\u2019une d\u00e9finition diff\u00e9rente ou qu\u2019un contexte pr\u00e9cis le commande, les mots et les expressions figurant ci-dessous ont le sens indiqu\u00e9. Code Le Code [&hellip;]<\/p>\n","protected":false},"author":6,"featured_media":0,"parent":0,"menu_order":0,"comment_status":"closed","ping_status":"closed","template":"","meta":{"_et_pb_use_builder":"on","_et_pb_old_content":"","_et_gb_content_width":"","footnotes":""},"class_list":["post-3722","page","type-page","status-publish","hentry"],"yoast_head":"<!-- This site is optimized with the Yoast SEO plugin v26.9 - https:\/\/yoast.com\/product\/yoast-seo-wordpress\/ -->\n<title>Definitions-3 - Bylaws<\/title>\n<meta name=\"robots\" content=\"index, follow, max-snippet:-1, max-image-preview:large, max-video-preview:-1\" \/>\n<link rel=\"canonical\" href=\"https:\/\/bylaws.crto.on.ca\/fr\/definitions-3\/\" \/>\n<meta property=\"og:locale\" content=\"fr_FR\" \/>\n<meta property=\"og:type\" content=\"article\" \/>\n<meta property=\"og:title\" content=\"Definitions-3 - Bylaws\" \/>\n<meta property=\"og:description\" content=\"R\u00c8GLEMENT ADMINISTRATIF 3 :ADH\u00c9SION Approuv\u00e9 par le Conseil : Le 1 mars 2024 1. D\u00c9FINITIONS 1.01 Dans le pr\u00e9sent r\u00e8glement administratif, ainsi que dans tout autre r\u00e8glement administratif de l\u2019OTRO, \u00e0 moins d\u2019une d\u00e9finition diff\u00e9rente ou qu\u2019un contexte pr\u00e9cis le commande, les mots et les expressions figurant ci-dessous ont le sens indiqu\u00e9. Code Le Code [&hellip;]\" \/>\n<meta property=\"og:url\" content=\"https:\/\/bylaws.crto.on.ca\/fr\/definitions-3\/\" \/>\n<meta property=\"og:site_name\" content=\"Bylaws\" \/>\n<meta property=\"article:modified_time\" content=\"2024-05-29T17:43:51+00:00\" \/>\n<meta name=\"twitter:card\" content=\"summary_large_image\" \/>\n<meta name=\"twitter:label1\" content=\"Est. reading time\" \/>\n\t<meta name=\"twitter:data1\" content=\"2 minutes\" \/>\n<script type=\"application\/ld+json\" class=\"yoast-schema-graph\">{\"@context\":\"https:\/\/schema.org\",\"@graph\":[{\"@type\":\"WebPage\",\"@id\":\"https:\/\/bylaws.crto.on.ca\/fr\/definitions-3\/\",\"url\":\"https:\/\/bylaws.crto.on.ca\/fr\/definitions-3\/\",\"name\":\"Definitions-3 - Bylaws\",\"isPartOf\":{\"@id\":\"https:\/\/bylaws.crto.on.ca\/#website\"},\"datePublished\":\"2022-02-21T01:46:06+00:00\",\"dateModified\":\"2024-05-29T17:43:51+00:00\",\"breadcrumb\":{\"@id\":\"https:\/\/bylaws.crto.on.ca\/fr\/definitions-3\/#breadcrumb\"},\"inLanguage\":\"fr-FR\",\"potentialAction\":[{\"@type\":\"ReadAction\",\"target\":[\"https:\/\/bylaws.crto.on.ca\/fr\/definitions-3\/\"]}]},{\"@type\":\"BreadcrumbList\",\"@id\":\"https:\/\/bylaws.crto.on.ca\/fr\/definitions-3\/#breadcrumb\",\"itemListElement\":[{\"@type\":\"ListItem\",\"position\":1,\"name\":\"Home\",\"item\":\"https:\/\/bylaws.crto.on.ca\/fr\/\"},{\"@type\":\"ListItem\",\"position\":2,\"name\":\"Definitions-3\"}]},{\"@type\":\"WebSite\",\"@id\":\"https:\/\/bylaws.crto.on.ca\/#website\",\"url\":\"https:\/\/bylaws.crto.on.ca\/\",\"name\":\"Bylaws\",\"description\":\"College of Respiratory Therapists of Ontario\",\"potentialAction\":[{\"@type\":\"SearchAction\",\"target\":{\"@type\":\"EntryPoint\",\"urlTemplate\":\"https:\/\/bylaws.crto.on.ca\/?s={search_term_string}\"},\"query-input\":{\"@type\":\"PropertyValueSpecification\",\"valueRequired\":true,\"valueName\":\"search_term_string\"}}],\"inLanguage\":\"fr-FR\"}]}<\/script>\n<!-- \/ Yoast SEO plugin. -->","yoast_head_json":{"title":"Definitions-3 - Bylaws","robots":{"index":"index","follow":"follow","max-snippet":"max-snippet:-1","max-image-preview":"max-image-preview:large","max-video-preview":"max-video-preview:-1"},"canonical":"https:\/\/bylaws.crto.on.ca\/fr\/definitions-3\/","og_locale":"fr_FR","og_type":"article","og_title":"Definitions-3 - Bylaws","og_description":"R\u00c8GLEMENT ADMINISTRATIF 3 :ADH\u00c9SION Approuv\u00e9 par le Conseil : Le 1 mars 2024 1. D\u00c9FINITIONS 1.01 Dans le pr\u00e9sent r\u00e8glement administratif, ainsi que dans tout autre r\u00e8glement administratif de l\u2019OTRO, \u00e0 moins d\u2019une d\u00e9finition diff\u00e9rente ou qu\u2019un contexte pr\u00e9cis le commande, les mots et les expressions figurant ci-dessous ont le sens indiqu\u00e9. Code Le Code [&hellip;]","og_url":"https:\/\/bylaws.crto.on.ca\/fr\/definitions-3\/","og_site_name":"Bylaws","article_modified_time":"2024-05-29T17:43:51+00:00","twitter_card":"summary_large_image","twitter_misc":{"Est. reading time":"2 minutes"},"schema":{"@context":"https:\/\/schema.org","@graph":[{"@type":"WebPage","@id":"https:\/\/bylaws.crto.on.ca\/fr\/definitions-3\/","url":"https:\/\/bylaws.crto.on.ca\/fr\/definitions-3\/","name":"Definitions-3 - Bylaws","isPartOf":{"@id":"https:\/\/bylaws.crto.on.ca\/#website"},"datePublished":"2022-02-21T01:46:06+00:00","dateModified":"2024-05-29T17:43:51+00:00","breadcrumb":{"@id":"https:\/\/bylaws.crto.on.ca\/fr\/definitions-3\/#breadcrumb"},"inLanguage":"fr-FR","potentialAction":[{"@type":"ReadAction","target":["https:\/\/bylaws.crto.on.ca\/fr\/definitions-3\/"]}]},{"@type":"BreadcrumbList","@id":"https:\/\/bylaws.crto.on.ca\/fr\/definitions-3\/#breadcrumb","itemListElement":[{"@type":"ListItem","position":1,"name":"Home","item":"https:\/\/bylaws.crto.on.ca\/fr\/"},{"@type":"ListItem","position":2,"name":"Definitions-3"}]},{"@type":"WebSite","@id":"https:\/\/bylaws.crto.on.ca\/#website","url":"https:\/\/bylaws.crto.on.ca\/","name":"Bylaws","description":"College of Respiratory Therapists of Ontario","potentialAction":[{"@type":"SearchAction","target":{"@type":"EntryPoint","urlTemplate":"https:\/\/bylaws.crto.on.ca\/?s={search_term_string}"},"query-input":{"@type":"PropertyValueSpecification","valueRequired":true,"valueName":"search_term_string"}}],"inLanguage":"fr-FR"}]}},"_links":{"self":[{"href":"https:\/\/bylaws.crto.on.ca\/fr\/wp-json\/wp\/v2\/pages\/3722","targetHints":{"allow":["GET"]}}],"collection":[{"href":"https:\/\/bylaws.crto.on.ca\/fr\/wp-json\/wp\/v2\/pages"}],"about":[{"href":"https:\/\/bylaws.crto.on.ca\/fr\/wp-json\/wp\/v2\/types\/page"}],"author":[{"embeddable":true,"href":"https:\/\/bylaws.crto.on.ca\/fr\/wp-json\/wp\/v2\/users\/6"}],"replies":[{"embeddable":true,"href":"https:\/\/bylaws.crto.on.ca\/fr\/wp-json\/wp\/v2\/comments?post=3722"}],"version-history":[{"count":9,"href":"https:\/\/bylaws.crto.on.ca\/fr\/wp-json\/wp\/v2\/pages\/3722\/revisions"}],"predecessor-version":[{"id":4200,"href":"https:\/\/bylaws.crto.on.ca\/fr\/wp-json\/wp\/v2\/pages\/3722\/revisions\/4200"}],"wp:attachment":[{"href":"https:\/\/bylaws.crto.on.ca\/fr\/wp-json\/wp\/v2\/media?parent=3722"}],"curies":[{"name":"wp","href":"https:\/\/api.w.org\/{rel}","templated":true}]}}